{"id":21,"date":"2022-02-02T11:03:46","date_gmt":"2022-02-02T11:03:46","guid":{"rendered":"https:\/\/lilliestyle.com\/?page_id=21"},"modified":"2022-03-17T11:56:53","modified_gmt":"2022-03-17T11:56:53","slug":"about-us","status":"publish","type":"page","link":"https:\/\/lilliestyle.com\/tr\/about-us\/","title":{"rendered":"Bizim hakk\u0131m\u0131zda"},"content":{"rendered":"<blockquote><p><em><strong><img loading=\"lazy\" decoding=\"async\" class=\"aligncenter wp-image-389 size-full\" title=\"Lillie Style - Her zaman istedi\u011finiz Moda Stilini elde edin!\" src=\"https:\/\/lilliestyle.com\/tr\/wp-content\/uploads\/2022\/03\/LillieStylefavicon.png\" alt=\"Lillie Style - Her zaman istedi\u011finiz Moda Stilini elde edin!\" width=\"151\" height=\"149\" srcset=\"https:\/\/lilliestyle.com\/tr\/wp-content\/uploads\/2022\/03\/LillieStylefavicon.png 151w, https:\/\/lilliestyle.com\/tr\/wp-content\/uploads\/2022\/03\/LillieStylefavicon-60x60.png 60w, https:\/\/lilliestyle.com\/tr\/wp-content\/uploads\/2022\/03\/LillieStylefavicon-80x80.png 80w, https:\/\/lilliestyle.com\/tr\/wp-content\/uploads\/2022\/03\/LillieStylefavicon-120x118.png 120w, https:\/\/lilliestyle.com\/tr\/wp-content\/uploads\/2022\/03\/LillieStylefavicon-90x90.png 90w\" sizes=\"auto, (max-width: 151px) 100vw, 151px\" \/>Lillie Style &#8211; Her zaman istedi\u011finiz Moda Stilini elde edin!<\/strong><\/em><\/p><\/blockquote>\n<p><em><a href=\"https:\/\/lilliestyle.com\/\"><strong>Lillie Style<\/strong><\/a>, g\u00f6r\u00fcn\u00fc\u015f\u00fcn\u00fcz\u00fc ve \u00e7ekicili\u011finizi kesinlikle art\u0131ran Moda trendleri ve Ya\u015fam Tarz\u0131 ile ilgilidir. <strong>El \u00c7antalar\u0131<\/strong>, <strong>Ayakkab\u0131lar<\/strong>, <strong>Tak\u0131 ve Saatler<\/strong> ve <strong>G\u00fczellik Bak\u0131m \u00dcr\u00fcnleri gibi Moda Giyim<\/strong> ve<strong> Aksesuarlardan<\/strong> ba\u015flayarak, her kad\u0131n\u0131n her mevsim g\u00fczel olma arzusunu geli\u015ftirmek istiyoruz. Tarz\u0131n\u0131z\u0131 kendi tercihinize g\u00f6re geli\u015ftirebilecek ipu\u00e7lar\u0131n\u0131 ve k\u0131lavuzlar\u0131 size beslemek istiyoruz.<\/em><\/p>\n<p><em><a href=\"https:\/\/lilliestyle.com\/\">LiliesStyle.com<\/a>, moda stilinizi nas\u0131l geli\u015ftirece\u011finiz konusunda en faydal\u0131 fikirleri payla\u015fmak istiyor. Moda giyim ve aksesuarlar\u0131ndaki en son trendleri, ne zaman ve nerede al\u0131\u015fveri\u015f yapaca\u011f\u0131n\u0131z\u0131 ve kendinize olan g\u00fcveninizi ve \u00e7ekicili\u011finizi geli\u015ftirmek i\u00e7in m\u00fcmk\u00fcn olan en iyi g\u00f6r\u00fcn\u00fcme nas\u0131l ula\u015faca\u011f\u0131n\u0131z\u0131 ele alaca\u011f\u0131z.<\/em><\/p>\n<p><em>\u00d6ne \u00e7\u0131kan moda stili bloglar\u0131 makalelerimizle \u015f\u0131k ve modaya uygun olun ve moda koleksiyonunuzla kendi stilinizi nas\u0131l geli\u015ftirmek istiyorsan\u0131z onu kullan\u0131n. Yaln\u0131zca birka\u00e7 t\u0131klamayla <strong>Lillie Style<\/strong> blog makaleleri sizi ayn\u0131 anda hem harika hem de kendinden emin yapabilir.<\/em><\/p>\n","protected":false},"excerpt":{"rendered":"<p>Lillie Style &#8211; Her zaman istedi\u011finiz Moda Stilini elde edin! Lillie Style, g\u00f6r\u00fcn\u00fc\u015f\u00fcn\u00fcz\u00fc ve \u00e7ekicili\u011finizi kesinlikle art\u0131ran Moda trendleri ve Ya\u015fam Tarz\u0131 ile ilgilidir. El \u00c7antalar\u0131, Ayakkab\u0131lar, Tak\u0131 ve Saatler&hellip;<\/p>\n","protected":false},"author":1,"featured_media":0,"parent":0,"menu_order":0,"comment_status":"closed","ping_status":"closed","template":"","meta":{"footnotes":""},"class_list":["post-21","page","type-page","status-publish"],"_links":{"self":[{"href":"https:\/\/lilliestyle.com\/tr\/wp-json\/wp\/v2\/pages\/21","targetHints":{"allow":["GET"]}}],"collection":[{"href":"https:\/\/lilliestyle.com\/tr\/wp-json\/wp\/v2\/pages"}],"about":[{"href":"https:\/\/lilliestyle.com\/tr\/wp-json\/wp\/v2\/types\/page"}],"author":[{"embeddable":true,"href":"https:\/\/lilliestyle.com\/tr\/wp-json\/wp\/v2\/users\/1"}],"replies":[{"embeddable":true,"href":"https:\/\/lilliestyle.com\/tr\/wp-json\/wp\/v2\/comments?post=21"}],"version-history":[{"count":5,"href":"https:\/\/lilliestyle.com\/tr\/wp-json\/wp\/v2\/pages\/21\/revisions"}],"predecessor-version":[{"id":390,"href":"https:\/\/lilliestyle.com\/tr\/wp-json\/wp\/v2\/pages\/21\/revisions\/390"}],"wp:attachment":[{"href":"https:\/\/lilliestyle.com\/tr\/wp-json\/wp\/v2\/media?parent=21"}],"curies":[{"name":"wp","href":"https:\/\/api.w.org\/{rel}","templated":true}]}}