{"id":21,"date":"2022-02-02T11:03:46","date_gmt":"2022-02-02T11:03:46","guid":{"rendered":"https:\/\/lilliestyle.com\/?page_id=21"},"modified":"2022-05-20T13:37:42","modified_gmt":"2022-05-20T13:37:42","slug":"about-us","status":"publish","type":"page","link":"https:\/\/lilliestyle.com\/pl\/about-us\/","title":{"rendered":"O nas"},"content":{"rendered":"<blockquote><p><b><i><img loading=\"lazy\" decoding=\"async\" class=\"aligncenter wp-image-371 size-full\" title=\"Lillie Style \u2014 osi\u0105gnij modowy styl, o jakim zawsze marzy\u0142e\u015b!\" src=\"https:\/\/lilliestyle.com\/wp-content\/uploads\/2022\/03\/LillieStylefavicon.png\" sizes=\"auto, (max-width: 151px) 100vw, 151px\" srcset=\"https:\/\/translate.google.com\/website?sl=en&amp;tl=pl&amp;hl=en&amp;client=webapp&amp;u=https:\/\/lilliestyle.com\/wp-content\/uploads\/2022\/03\/LillieStylefavicon.png 151w,https:\/\/translate.google.com\/website?sl=en&amp;tl=pl&amp;hl=en&amp;client=webapp&amp;u=https:\/\/lilliestyle.com\/wp-content\/uploads\/2022\/03\/LillieStylefavicon-60x60.png 60w,https:\/\/translate.google.com\/website?sl=en&amp;tl=pl&amp;hl=en&amp;client=webapp&amp;u=https:\/\/lilliestyle.com\/wp-content\/uploads\/2022\/03\/LillieStylefavicon-80x80.png 80w,https:\/\/translate.google.com\/website?sl=en&amp;tl=pl&amp;hl=en&amp;client=webapp&amp;u=https:\/\/lilliestyle.com\/wp-content\/uploads\/2022\/03\/LillieStylefavicon-120x118.png 120w,https:\/\/translate.google.com\/website?sl=en&amp;tl=pl&amp;hl=en&amp;client=webapp&amp;u=https:\/\/lilliestyle.com\/wp-content\/uploads\/2022\/03\/LillieStylefavicon-90x90.png 90w\" alt=\"Lillie Style \u2014 osi\u0105gnij modowy styl, o jakim zawsze marzy\u0142e\u015b!\" width=\"151\" height=\"149\" \/>Lillie Style \u2013 osi\u0105gnij modowy styl, o jakim zawsze marzy\u0142e\u015b!<\/i><\/b><\/p><\/blockquote>\n<p><a href=\"https:\/\/translate.google.com\/website?sl=en&amp;tl=pl&amp;hl=en&amp;client=webapp&amp;u=https:\/\/lilliestyle.com\/\" rel=\"\"><b><i>Lillie Style skupia<\/i><\/b><\/a><i>\u00a0si\u0119 na trendach w modzie i stylu \u017cycia, kt\u00f3re z pewno\u015bci\u0105 podnios\u0105 tw\u00f3j wygl\u0105d i atrakcyjno\u015b\u0107.\u00a0Zaczynaj\u0105c od\u00a0<\/i><b><i>modowej odzie\u017cy i akcesori\u00f3w\u00a0<\/i><\/b><i>, takich jak\u00a0<\/i><b><i>torebki\u00a0<\/i><\/b><i>,\u00a0<\/i><b><i>buty\u00a0<\/i><\/b><i>,\u00a0<\/i><b><i>bi\u017cuteria\u00a0<\/i><\/b><i>i\u00a0<\/i><b><i>zegarki\u00a0<\/i><\/b><i>oraz\u00a0<\/i><b><i>produkty do piel\u0119gnacji urody\u00a0<\/i><\/b><i>, chcemy zwi\u0119kszy\u0107 pragnienie ka\u017cdej kobiety, by by\u0107 pi\u0119kn\u0105 o ka\u017cdej porze roku.\u00a0Chcemy nakarmi\u0107 Ci\u0119 wskaz\u00f3wkami i przewodnikami, kt\u00f3re mog\u0105 poprawi\u0107 Tw\u00f3j styl zgodnie z Twoimi preferencjami.<\/i><\/p>\n<p><a href=\"https:\/\/translate.google.com\/website?sl=en&amp;tl=pl&amp;hl=en&amp;client=webapp&amp;u=https:\/\/lilliestyle.com\/\" rel=\"\"><i>LiliesStyle.com<\/i><\/a><i>\u00a0chce podzieli\u0107 si\u0119 najbardziej przydatnymi pomys\u0142ami na to, jak poprawi\u0107 sw\u00f3j styl ubioru.\u00a0Zajmiemy si\u0119 najnowszymi trendami w modowej odzie\u017cy i dodatkach, kiedy i gdzie robi\u0107 zakupy oraz jak osi\u0105gn\u0105\u0107 jak najlepszy wygl\u0105d, aby zwi\u0119kszy\u0107 swoj\u0105 pewno\u015b\u0107 siebie i urok.\u00a0<\/i><\/p>\n<p><i>B\u0105d\u017a stylowy i modny dzi\u0119ki naszym polecanym artyku\u0142om na blogu o modzie i wykorzystaj je do tego, jak chcesz rozwija\u0107 sw\u00f3j w\u0142asny styl dzi\u0119ki swojej kolekcji mody.\u00a0<span class=\"goog-text-highlight\">Zaledwie kilka klikni\u0119\u0107 dzieli Ci\u0119 od artyku\u0142\u00f3w na blogu\u00a0<\/span><\/i><a href=\"https:\/\/translate.google.com\/website?sl=en&amp;tl=pl&amp;hl=en&amp;client=webapp&amp;u=https:\/\/lilliestyle.com\/\" rel=\"\"><b><i><span class=\"goog-text-highlight\">Lillie Style<\/span><\/i><\/b><\/a><i><span class=\"goog-text-highlight\">\u00a0, kt\u00f3re sprawi\u0105, \u017ce b\u0119dziesz jednocze\u015bnie wspania\u0142y i pewny siebie.<\/span><\/i><\/p>\n","protected":false},"excerpt":{"rendered":"<p>Lillie Style \u2013 osi\u0105gnij modowy styl, o jakim zawsze marzy\u0142e\u015b! Lillie Style skupia\u00a0si\u0119 na trendach w modzie i stylu \u017cycia, kt\u00f3re z pewno\u015bci\u0105 podnios\u0105 tw\u00f3j wygl\u0105d i atrakcyjno\u015b\u0107.\u00a0Zaczynaj\u0105c od\u00a0modowej odzie\u017cy&hellip;<\/p>\n","protected":false},"author":1,"featured_media":0,"parent":0,"menu_order":0,"comment_status":"closed","ping_status":"closed","template":"","meta":{"footnotes":""},"class_list":["post-21","page","type-page","status-publish"],"_links":{"self":[{"href":"https:\/\/lilliestyle.com\/pl\/wp-json\/wp\/v2\/pages\/21","targetHints":{"allow":["GET"]}}],"collection":[{"href":"https:\/\/lilliestyle.com\/pl\/wp-json\/wp\/v2\/pages"}],"about":[{"href":"https:\/\/lilliestyle.com\/pl\/wp-json\/wp\/v2\/types\/page"}],"author":[{"embeddable":true,"href":"https:\/\/lilliestyle.com\/pl\/wp-json\/wp\/v2\/users\/1"}],"replies":[{"embeddable":true,"href":"https:\/\/lilliestyle.com\/pl\/wp-json\/wp\/v2\/comments?post=21"}],"version-history":[{"count":1,"href":"https:\/\/lilliestyle.com\/pl\/wp-json\/wp\/v2\/pages\/21\/revisions"}],"predecessor-version":[{"id":493,"href":"https:\/\/lilliestyle.com\/pl\/wp-json\/wp\/v2\/pages\/21\/revisions\/493"}],"wp:attachment":[{"href":"https:\/\/lilliestyle.com\/pl\/wp-json\/wp\/v2\/media?parent=21"}],"curies":[{"name":"wp","href":"https:\/\/api.w.org\/{rel}","templated":true}]}}