{"id":21,"date":"2022-02-02T11:03:46","date_gmt":"2022-02-02T11:03:46","guid":{"rendered":"https:\/\/lilliestyle.com\/?page_id=21"},"modified":"2022-03-17T11:52:28","modified_gmt":"2022-03-17T11:52:28","slug":"about-us","status":"publish","type":"page","link":"https:\/\/lilliestyle.com\/fr\/about-us\/","title":{"rendered":"\u00c0 Propos de Nous"},"content":{"rendered":"<blockquote><p><strong><img loading=\"lazy\" decoding=\"async\" class=\"aligncenter wp-image-404 size-full\" title=\"Lillie Style - Obtenez le style de mode que vous avez toujours voulu !\" src=\"https:\/\/lilliestyle.com\/fr\/wp-content\/uploads\/2022\/03\/LillieStylefavicon.png\" alt=\"Lillie Style - Obtenez le style de mode que vous avez toujours voulu !\" width=\"151\" height=\"149\" srcset=\"https:\/\/lilliestyle.com\/fr\/wp-content\/uploads\/2022\/03\/LillieStylefavicon.png 151w, https:\/\/lilliestyle.com\/fr\/wp-content\/uploads\/2022\/03\/LillieStylefavicon-60x60.png 60w, https:\/\/lilliestyle.com\/fr\/wp-content\/uploads\/2022\/03\/LillieStylefavicon-80x80.png 80w, https:\/\/lilliestyle.com\/fr\/wp-content\/uploads\/2022\/03\/LillieStylefavicon-120x118.png 120w, https:\/\/lilliestyle.com\/fr\/wp-content\/uploads\/2022\/03\/LillieStylefavicon-90x90.png 90w\" sizes=\"auto, (max-width: 151px) 100vw, 151px\" \/><em>Lillie Style &#8211; Obtenez le style de mode que vous avez toujours voulu !<\/em><\/strong><\/p><\/blockquote>\n<p><em><a href=\"https:\/\/lilliestyle.com\/\"><strong>Lillie Styl<\/strong><\/a>e est tout au sujet des tendances de la mode et du style de vie qui rehaussent votre apparence et votre attrait. En commen\u00e7ant par <strong>les v\u00eatements et accessoires de mode<\/strong> comme <strong>les sacs \u00e0 main<\/strong>, <strong>les chaussures<\/strong>, <strong>les bijoux<\/strong> et <strong>les montres<\/strong> et <strong>les produits de soins de beaut\u00e9<\/strong>, nous voulons am\u00e9liorer le d\u00e9sir de chaque femme d&#8217;\u00eatre belle en toutes saisons. Nous voulons vous fournir les conseils et les guides qui peuvent am\u00e9liorer votre style selon vos pr\u00e9f\u00e9rences.<\/em><\/p>\n<p><em><a href=\"https:\/\/lilliestyle.com\/\">LiliesStyle.com<\/a> veut partager les id\u00e9es les plus utiles sur la fa\u00e7on dont vous am\u00e9liorez votre style de mode. Nous aborderons les derni\u00e8res tendances en mati\u00e8re de v\u00eatements et d&#8217;accessoires de mode, quand et o\u00f9 faire du shopping, et comment obtenir le meilleur look possible de vous-m\u00eame pour am\u00e9liorer votre confiance et votre charme.<\/em><\/p>\n<p><em>Soyez \u00e9l\u00e9gant et \u00e0 la mode avec nos articles de blogs sur le style de la mode et utilisez-le avec la fa\u00e7on dont vous souhaitez d\u00e9velopper votre propre style avec votre collection de mode. En quelques clics, les articles du blog de <a href=\"https:\/\/lilliestyle.com\/\"><strong>Lillie Style<\/strong><\/a> peuvent vous rendre fabuleux et confiant en m\u00eame temps.<\/em><\/p>\n","protected":false},"excerpt":{"rendered":"<p>Lillie Style &#8211; Obtenez le style de mode que vous avez toujours voulu ! Lillie Style est tout au sujet des tendances de la mode et du style de vie&hellip;<\/p>\n","protected":false},"author":1,"featured_media":0,"parent":0,"menu_order":0,"comment_status":"closed","ping_status":"closed","template":"","meta":{"footnotes":""},"class_list":["post-21","page","type-page","status-publish"],"_links":{"self":[{"href":"https:\/\/lilliestyle.com\/fr\/wp-json\/wp\/v2\/pages\/21","targetHints":{"allow":["GET"]}}],"collection":[{"href":"https:\/\/lilliestyle.com\/fr\/wp-json\/wp\/v2\/pages"}],"about":[{"href":"https:\/\/lilliestyle.com\/fr\/wp-json\/wp\/v2\/types\/page"}],"author":[{"embeddable":true,"href":"https:\/\/lilliestyle.com\/fr\/wp-json\/wp\/v2\/users\/1"}],"replies":[{"embeddable":true,"href":"https:\/\/lilliestyle.com\/fr\/wp-json\/wp\/v2\/comments?post=21"}],"version-history":[{"count":5,"href":"https:\/\/lilliestyle.com\/fr\/wp-json\/wp\/v2\/pages\/21\/revisions"}],"predecessor-version":[{"id":407,"href":"https:\/\/lilliestyle.com\/fr\/wp-json\/wp\/v2\/pages\/21\/revisions\/407"}],"wp:attachment":[{"href":"https:\/\/lilliestyle.com\/fr\/wp-json\/wp\/v2\/media?parent=21"}],"curies":[{"name":"wp","href":"https:\/\/api.w.org\/{rel}","templated":true}]}}