{"id":21,"date":"2022-02-02T11:03:46","date_gmt":"2022-02-02T11:03:46","guid":{"rendered":"https:\/\/lilliestyle.com\/?page_id=21"},"modified":"2022-03-17T12:06:00","modified_gmt":"2022-03-17T12:06:00","slug":"about-us","status":"publish","type":"page","link":"https:\/\/lilliestyle.com\/es\/about-us\/","title":{"rendered":"Sobre Nosotros"},"content":{"rendered":"<blockquote><p><em><strong><img loading=\"lazy\" decoding=\"async\" class=\"aligncenter wp-image-384 size-full\" title=\"Lillie Style - \u00a1Logra el estilo de moda que siempre quisiste!\" src=\"https:\/\/lilliestyle.com\/es\/wp-content\/uploads\/2022\/03\/LillieStylefavicon.png\" alt=\"Lillie Style - \u00a1Logra el estilo de moda que siempre quisiste!\" width=\"151\" height=\"149\" srcset=\"https:\/\/lilliestyle.com\/es\/wp-content\/uploads\/2022\/03\/LillieStylefavicon.png 151w, https:\/\/lilliestyle.com\/es\/wp-content\/uploads\/2022\/03\/LillieStylefavicon-60x60.png 60w, https:\/\/lilliestyle.com\/es\/wp-content\/uploads\/2022\/03\/LillieStylefavicon-80x80.png 80w, https:\/\/lilliestyle.com\/es\/wp-content\/uploads\/2022\/03\/LillieStylefavicon-120x118.png 120w, https:\/\/lilliestyle.com\/es\/wp-content\/uploads\/2022\/03\/LillieStylefavicon-90x90.png 90w\" sizes=\"auto, (max-width: 151px) 100vw, 151px\" \/>Lillie Style &#8211; \u00a1Logra el estilo de moda que siempre quisiste!<\/strong><\/em><\/p><\/blockquote>\n<p><em><a href=\"https:\/\/lilliestyle.com\/\"><strong>Lillie Style<\/strong><\/a> tiene que ver con las tendencias de la moda y el estilo de vida que seguramente elevan su apariencia y atractivo. Comenzando con <strong>la ropa y los accesorios de moda<\/strong>, <strong>como bolsos<\/strong>, <strong>zapatos<\/strong>, <strong>joyas<\/strong> y <strong>relojes<\/strong>, y <strong>productos para el cuidado de la belleza<\/strong>, queremos mejorar el deseo de cada mujer de ser bella en todas las estaciones. Queremos brindarle los consejos y gu\u00edas que pueden mejorar su estilo seg\u00fan sus preferencias.<\/em><\/p>\n<p><em><a href=\"https:\/\/lilliestyle.com\/\">LiliesStyle.com<\/a> quiere compartir las ideas m\u00e1s \u00fatiles sobre c\u00f3mo mejorar tu estilo de moda. Abordaremos las \u00faltimas tendencias en ropa y accesorios de moda, cu\u00e1ndo y d\u00f3nde comprar, y c\u00f3mo lograr el mejor aspecto posible de ti mismo para mejorar tu confianza y encanto.<\/em><\/p>\n<p><em>Sea elegante y moderno con nuestros art\u00edculos destacados de blogs de estilo de moda y util\u00edcelos con la forma en que desea desarrollar su propio estilo con su colecci\u00f3n de moda. Con solo unos clics, los art\u00edculos del blog de <a href=\"https:\/\/lilliestyle.com\/\"><strong>Lillie Style<\/strong><\/a> pueden hacerte fabuloso y seguro al mismo tiempo.<\/em><\/p>\n","protected":false},"excerpt":{"rendered":"<p>Lillie Style &#8211; \u00a1Logra el estilo de moda que siempre quisiste! Lillie Style tiene que ver con las tendencias de la moda y el estilo de vida que seguramente elevan&hellip;<\/p>\n","protected":false},"author":1,"featured_media":0,"parent":0,"menu_order":0,"comment_status":"closed","ping_status":"closed","template":"","meta":{"footnotes":""},"class_list":["post-21","page","type-page","status-publish"],"_links":{"self":[{"href":"https:\/\/lilliestyle.com\/es\/wp-json\/wp\/v2\/pages\/21","targetHints":{"allow":["GET"]}}],"collection":[{"href":"https:\/\/lilliestyle.com\/es\/wp-json\/wp\/v2\/pages"}],"about":[{"href":"https:\/\/lilliestyle.com\/es\/wp-json\/wp\/v2\/types\/page"}],"author":[{"embeddable":true,"href":"https:\/\/lilliestyle.com\/es\/wp-json\/wp\/v2\/users\/1"}],"replies":[{"embeddable":true,"href":"https:\/\/lilliestyle.com\/es\/wp-json\/wp\/v2\/comments?post=21"}],"version-history":[{"count":4,"href":"https:\/\/lilliestyle.com\/es\/wp-json\/wp\/v2\/pages\/21\/revisions"}],"predecessor-version":[{"id":386,"href":"https:\/\/lilliestyle.com\/es\/wp-json\/wp\/v2\/pages\/21\/revisions\/386"}],"wp:attachment":[{"href":"https:\/\/lilliestyle.com\/es\/wp-json\/wp\/v2\/media?parent=21"}],"curies":[{"name":"wp","href":"https:\/\/api.w.org\/{rel}","templated":true}]}}