{"id":21,"date":"2022-02-02T11:03:46","date_gmt":"2022-02-02T11:03:46","guid":{"rendered":"https:\/\/lilliestyle.com\/de\/uber-uns"},"modified":"2022-03-26T11:18:08","modified_gmt":"2022-03-26T11:18:08","slug":"uber-uns","status":"publish","type":"page","link":"https:\/\/lilliestyle.com\/de\/uber-uns\/","title":{"rendered":"\u00dcber uns"},"content":{"rendered":"<blockquote><p><b><i><span><span class=\"\">Lillie Style \u2013 Erreiche den Modestil, den du dir schon immer gew\u00fcnscht hast!<\/span><\/span><\/i><\/b><\/p><\/blockquote>\n<p><a href=\"https:\/\/lilliestyle.com\" rel=\"\"><b><i><span>Bei Lillie Style dreht<\/span><\/i><\/b><\/a><i><span>\u00a0sich alles um Modetrends und Lifestyle, die Ihr Aussehen und Ihre Attraktivit\u00e4t aufwerten.\u00a0<span class=\"\">Beginnend mit\u00a0<\/span><\/span><\/i><b><i><span><span class=\"\">modischer Kleidung und Accessoires\u00a0<\/span><\/span><\/i><\/b><i><span><span class=\"\">wie\u00a0<\/span><\/span><\/i><b><i><span><span class=\"\">Handtaschen\u00a0<\/span><\/span><\/i><\/b><i><span><span class=\"\">,\u00a0<\/span><\/span><\/i><b><i><span><span class=\"\">Schuhen\u00a0<\/span><\/span><\/i><\/b><i><span><span class=\"\">,\u00a0<\/span><\/span><\/i><b><i><span><span class=\"\">Schmuck\u00a0<\/span><\/span><\/i><\/b><i><span><span class=\"\">und\u00a0<\/span><\/span><\/i><b><i><span><span class=\"\">Uhren\u00a0<\/span><\/span><\/i><\/b><i><span><span class=\"\">sowie\u00a0<\/span><\/span><\/i><b><i><span><span class=\"\">Sch\u00f6nheitspflegeprodukten\u00a0<\/span><\/span><\/i><\/b><i><span><span class=\"\">m\u00f6chten wir den Wunsch jeder Frau, zu jeder Jahreszeit sch\u00f6n zu sein, erf\u00fcllen.\u00a0<\/span>Wir m\u00f6chten Ihnen die Tipps und Anleitungen geben, die Ihren Stil nach Ihren eigenen Vorlieben verbessern k\u00f6nnen.<\/span><\/i><\/p>\n<p><a href=\"https:\/\/lilliestyle.com\" rel=\"\"><i><span>LiliesStyle.com<\/span><\/i><\/a><i><span>\u00a0m\u00f6chte die n\u00fctzlichsten Ideen teilen, wie Sie Ihren Modestil verbessern k\u00f6nnen.\u00a0Wir werden uns mit den neuesten Trends in Modekleidung und Accessoires befassen, wann und wo Sie einkaufen k\u00f6nnen und wie Sie das bestm\u00f6gliche Aussehen von sich erreichen, um Ihr Selbstvertrauen und Ihren Charme zu verbessern.\u00a0<\/span><\/i><\/p>\n<p><i><span>Seien Sie stylisch und trendy mit unseren vorgestellten Modestil-Blogartikeln und nutzen Sie sie, um Ihren eigenen Stil mit Ihrer Modekollektion zu entwickeln.\u00a0Mit nur wenigen Klicks k\u00f6nnen\u00a0<\/span><\/i><span><a href=\"https:\/\/lilliestyle.com\" rel=\"\"><b><i>Lillie Style<\/i><\/b><\/a><i>\u00a0&#8211; Blogartikel Sie gleichzeitig fabelhaft und selbstbewusst machen.<\/i><\/span><\/p>\n","protected":false},"excerpt":{"rendered":"<p>Lillie Style \u2013 Erreiche den Modestil, den du dir schon immer gew\u00fcnscht hast! Bei Lillie Style dreht\u00a0sich alles um Modetrends und Lifestyle, die Ihr Aussehen und Ihre Attraktivit\u00e4t aufwerten.\u00a0Beginnend mit\u00a0modischer&hellip;<\/p>\n","protected":false},"author":1,"featured_media":0,"parent":0,"menu_order":0,"comment_status":"closed","ping_status":"closed","template":"","meta":{"footnotes":""},"class_list":["post-21","page","type-page","status-publish"],"_links":{"self":[{"href":"https:\/\/lilliestyle.com\/de\/wp-json\/wp\/v2\/pages\/21","targetHints":{"allow":["GET"]}}],"collection":[{"href":"https:\/\/lilliestyle.com\/de\/wp-json\/wp\/v2\/pages"}],"about":[{"href":"https:\/\/lilliestyle.com\/de\/wp-json\/wp\/v2\/types\/page"}],"author":[{"embeddable":true,"href":"https:\/\/lilliestyle.com\/de\/wp-json\/wp\/v2\/users\/1"}],"replies":[{"embeddable":true,"href":"https:\/\/lilliestyle.com\/de\/wp-json\/wp\/v2\/comments?post=21"}],"version-history":[{"count":1,"href":"https:\/\/lilliestyle.com\/de\/wp-json\/wp\/v2\/pages\/21\/revisions"}],"predecessor-version":[{"id":377,"href":"https:\/\/lilliestyle.com\/de\/wp-json\/wp\/v2\/pages\/21\/revisions\/377"}],"wp:attachment":[{"href":"https:\/\/lilliestyle.com\/de\/wp-json\/wp\/v2\/media?parent=21"}],"curies":[{"name":"wp","href":"https:\/\/api.w.org\/{rel}","templated":true}]}}