{"id":21,"date":"2022-02-02T11:03:46","date_gmt":"2022-02-02T11:03:46","guid":{"rendered":"https:\/\/lilliestyle.com\/?page_id=21"},"modified":"2022-03-17T11:44:02","modified_gmt":"2022-03-17T11:44:02","slug":"about-us","status":"publish","type":"page","link":"https:\/\/lilliestyle.com\/br\/about-us\/","title":{"rendered":"Sobre N\u00f3s"},"content":{"rendered":"<blockquote><p><strong><em><img loading=\"lazy\" decoding=\"async\" class=\"size-full wp-image-558 aligncenter\" src=\"https:\/\/lilliestyle.com\/br\/wp-content\/uploads\/2022\/03\/LillieStylefavicon.png\" alt=\"\" width=\"151\" height=\"149\" srcset=\"https:\/\/lilliestyle.com\/br\/wp-content\/uploads\/2022\/03\/LillieStylefavicon.png 151w, https:\/\/lilliestyle.com\/br\/wp-content\/uploads\/2022\/03\/LillieStylefavicon-60x60.png 60w, https:\/\/lilliestyle.com\/br\/wp-content\/uploads\/2022\/03\/LillieStylefavicon-80x80.png 80w, https:\/\/lilliestyle.com\/br\/wp-content\/uploads\/2022\/03\/LillieStylefavicon-120x118.png 120w, https:\/\/lilliestyle.com\/br\/wp-content\/uploads\/2022\/03\/LillieStylefavicon-90x90.png 90w\" sizes=\"auto, (max-width: 151px) 100vw, 151px\" \/>Lillie Style &#8211; Alcance o estilo de moda que voc\u00ea sempre quis!<\/em><\/strong><\/p><\/blockquote>\n<p><em><a href=\"https:\/\/lilliestyle.com\/\"><strong>Lillie Style<\/strong><\/a> tem tudo a ver com tend\u00eancias de moda e estilo de vida que certamente elevam sua apar\u00eancia e atratividade. Come\u00e7ando com <strong>roupas e acess\u00f3rios de moda<\/strong>, <strong>como bolsas<\/strong>, <strong>sapatos<\/strong>, <strong>joias<\/strong> e <strong>rel\u00f3gios<\/strong> e <strong>produtos de beleza<\/strong>, queremos melhorar o desejo de todas as mulheres de serem bonitas em todas as esta\u00e7\u00f5es. Queremos dar-lhe as dicas e guias que podem melhorar o seu estilo de acordo com a sua prefer\u00eancia.<\/em><\/p>\n<p><em><a href=\"https:\/\/lilliestyle.com\/\">LiliesStyle.com<\/a> quer compartilhar as ideias mais \u00fateis sobre como voc\u00ea melhora seu estilo de moda. Abordaremos as \u00faltimas tend\u00eancias em roupas e acess\u00f3rios de moda, quando e onde comprar e como obter a melhor apar\u00eancia poss\u00edvel para melhorar sua confian\u00e7a e charme.<\/em><\/p>\n<p><em>Seja elegante e moderno com nossos artigos de blogs de estilo de moda em destaque e utilize-os da forma como voc\u00ea deseja desenvolver seu pr\u00f3prio estilo com sua cole\u00e7\u00e3o de moda. Com apenas alguns cliques, os artigos do blog <a href=\"https:\/\/lilliestyle.com\/\"><strong>Lillie Style<\/strong><\/a> podem torn\u00e1-lo fabuloso e confiante ao mesmo tempo.<\/em><\/p>\n","protected":false},"excerpt":{"rendered":"<p>Lillie Style &#8211; Alcance o estilo de moda que voc\u00ea sempre quis! Lillie Style tem tudo a ver com tend\u00eancias de moda e estilo de vida que certamente elevam sua&hellip;<\/p>\n","protected":false},"author":1,"featured_media":0,"parent":0,"menu_order":0,"comment_status":"closed","ping_status":"closed","template":"","meta":{"footnotes":""},"class_list":["post-21","page","type-page","status-publish"],"_links":{"self":[{"href":"https:\/\/lilliestyle.com\/br\/wp-json\/wp\/v2\/pages\/21","targetHints":{"allow":["GET"]}}],"collection":[{"href":"https:\/\/lilliestyle.com\/br\/wp-json\/wp\/v2\/pages"}],"about":[{"href":"https:\/\/lilliestyle.com\/br\/wp-json\/wp\/v2\/types\/page"}],"author":[{"embeddable":true,"href":"https:\/\/lilliestyle.com\/br\/wp-json\/wp\/v2\/users\/1"}],"replies":[{"embeddable":true,"href":"https:\/\/lilliestyle.com\/br\/wp-json\/wp\/v2\/comments?post=21"}],"version-history":[{"count":8,"href":"https:\/\/lilliestyle.com\/br\/wp-json\/wp\/v2\/pages\/21\/revisions"}],"predecessor-version":[{"id":565,"href":"https:\/\/lilliestyle.com\/br\/wp-json\/wp\/v2\/pages\/21\/revisions\/565"}],"wp:attachment":[{"href":"https:\/\/lilliestyle.com\/br\/wp-json\/wp\/v2\/media?parent=21"}],"curies":[{"name":"wp","href":"https:\/\/api.w.org\/{rel}","templated":true}]}}